{"id":3697,"date":"2018-11-28T11:14:48","date_gmt":"2018-11-28T11:14:48","guid":{"rendered":"https:\/\/thelma.mikado-themes.com\/?page_id=3"},"modified":"2021-03-18T18:05:08","modified_gmt":"2021-03-18T18:05:08","slug":"condizioni","status":"publish","type":"page","link":"https:\/\/acetaiaferrari.it\/en\/condizioni","title":{"rendered":"Terms and Conditions"},"content":{"rendered":"<h1>Terms and Conditions<\/h1>\n<p>&nbsp;<\/p>\n<ol>\n<li>\n<h2><strong> Definizioni<\/strong><\/h2>\n<p>Condizioni: il presente documento, unitamente agli allegati.<br \/>\nAcetaia Ferrari: Societ\u00e0 Agricola Ferrari s.s. P.IVA: 02141310363, Via Zenzalose, 54 \u2013 41051 Castelnuovo Rangone (MO) &#8211; Italy.<br \/>\nSito: il sito web <a href=\"https:\/\/acetaiaferrari.it\/en\/\">http:\/\/www.acetaiaferrari.it<\/a><br \/>\nProdotti: i prodotti commercializzati da Acetaia Ferrari attraverso il Sito<br \/>\nCliente: qualsiasi soggetto che abbia acquistato un Prodotto.<\/li>\n<li>\n<h2><strong> Oggetto<\/strong><\/h2>\n<p>Queste Condizioni stabiliscono i termini di utilizzo del Sito e le modalit\u00e0 di acquisto dei Prodotti.. Acetaia Ferrari si riserva il diritto di modificare in qualsiasi momento le Condizioni, dandone comunicazione sul Sito. In tal caso le modifiche saranno efficaci agli effetti di legge, senza la necessit\u00e0 di specifica ed ulteriore approvazione decorsi 10 giorni dalla pubblicazione.<br \/>\nEventuali tolleranze a comportamenti che siano in violazione di quanto previsto dalle presenti Condizioni non costituiscono rinuncia ai diritti spettanti a Acetaia Ferrari. Qualora una delle clausole qui contenute risulti essere nulla o inefficace, l\u2019eventuale nullit\u00e0 o inefficacia non si estender\u00e0 alle restanti clausole delle Condizioni.<\/li>\n<li>\n<h2><strong> Condizioni generali<\/strong><\/h2>\n<\/li>\n<\/ol>\n<p>Il presente Sito \u00e8 propriet\u00e0 dell\u2019Acetaia Ferrari e le presenti condizioni generali hanno come oggetto l\u2019acquisto dei prodotti promossi su tale sito. Il Sito \u00e8 destinato alla promozione degli articoli della Societ\u00e0 Agricola Ferrari s.s. e alla loro vendita online riservati ai clienti consumatori finali e all\u2019aziende richiedenti. Gli acquisti effettuati sul Sito sono disciplinati dalle presenti Condizioni, dalle diverse condizioni indicate nel sito, conformemente agli articoli 50 e seguenti del D.Lgs n. 206 del 6 settembre 2005, relativo alla protezione dei consumatori in materia di contratti a distanza, nonch\u00e9 dal D.Lgs. n. 70 del 9 aprile 2003 relativo al commercio elettronico. I Clienti sono invitati a leggere attentamente le condizioni generali e le informazioni qui descritte, prima dell\u2019invio dell\u2019ordine, stampandole o salvandole su altro supporto duraturo e accessibile. L\u2019invio dell\u2019ordine vale come accettazione delle condizioni di vendita vigenti al momento. \u00c8 consentito l\u2019acquisto dei prodotti del Sito solo a chi ha compiuto il diciottesimo (18) anno di et\u00e0.<\/p>\n<ol start=\"4\">\n<li>\n<h2><strong> Prezzi<\/strong><\/h2>\n<\/li>\n<\/ol>\n<p>I prezzi esposti sul Sito sono da intendersi IVA inclusa e riferibili ai prodotti in vendita online. I prezzi vigenti al momento dell\u2019ordine non subiranno variazioni n\u00e9 per effetto di promozioni, n\u00e9 per effetto di rincari intervenuti in tempi differenti.<\/p>\n<p>Il prezzo dei prodotti acquistati, unitamente al costo della consegna a domicilio, dovr\u00e0 essere pagato dal Cliente al momento dell\u2019ordine online e la documentazione fiscale verr\u00e0 rilasciata da Acetaia Ferrari al momento della spedizione dell\u2019ordine. Per ottenere la fattura \u00e8 necessario indicare: Nome e Cognome o Ragione sociale, indirizzo di residenza o sede legale, codice fiscale e\/o p.iva, indirizzo pec o codice univoco per le aziende, al momento della registrazione.<\/p>\n<ol start=\"5\">\n<li>\n<h2><strong> Prodotti <\/strong><\/h2>\n<\/li>\n<\/ol>\n<p>Le caratteristiche dei prodotti sono quelle indicate dal catalogo online e visibili al momento della compilazione dell\u2019ordine. Acetaia Ferrari presenta tutti i suoi prodotti nel modo pi\u00f9 veritiero e accurato possibile e i colori e le caratteristiche estetiche visualizzate possono subire variazioni a causa dello strumento tecnologico utilizzato dell\u2019utente, cos\u00ec come per altre ragioni non imputabili alla Societ\u00e0 Agricola Ferrari s.s.<\/p>\n<ol start=\"6\">\n<li>\n<h2><strong> Spedizioni e consegne<\/strong><\/h2>\n<\/li>\n<\/ol>\n<p>Condizioni per l\u2019Italia: Le spese di spedizione indicato nell\u2019ordine. Gli ordini saranno processati nel primo intervallo lavorativo utile dalla ricezione degli stessi. La consegna avverr\u00e0 nel termine di 3-5 giorni lavorativi massimi (salvo diversa disposizione anticipatamente concordata con il nostro Servizio Clienti).<\/p>\n<p>Condizioni per l\u2019Europa: Le spese di spedizione varieranno conseguentemente al corriere selezionato e alla celerit\u00e0 della consegna. La spedizione avverr\u00e0 previ accordi precedentemente presi con l\u2019Acetaia Ferrari.<\/p>\n<p>Il corriere recapiter\u00e0 direttamente la merce all\u2019indirizzo indicato al momento dell\u2019acquisto. In caso di mancato recapito (disguidi corriere\/cliente) il Servizio Clienti ricercher\u00e0 quanto prima un accordo sulle modalit\u00e0 operative da mettere in campo. Acetaia Ferrari non \u00e8 responsabile per eventuali ritardi imputabili ai corrieri. Al ricevimento del pacco, sono a carico del Cliente i seguenti controlli sulla (1) corrispondenza dei colli indicati sulla lettera di vettura o fattura con quelli consegnati e (2) sull\u2019integrit\u00e0 del pacco e l\u2019assenza da danneggiamenti: eventuali contestazioni devono essere segnalate al corriere indicando sulla lettera di vettura la dicitura \u201cRitirato con riserva di controllo\u201d, contrariamente il pacco viene considerato correttamente consegnato.<\/p>\n<ol start=\"7\">\n<li>\n<h2><strong> Annullamento e modifica dell\u2019ordine<\/strong><\/h2>\n<\/li>\n<\/ol>\n<p>L\u2019Acetaia Ferrari si riserva il diritto di annullare l\u2019ordine dandone comunicazione via e-mail, in caso di difficolt\u00e0 logistiche ed organizzative impreviste o, previ accordi, di modificarne i previsti termini di consegna.<\/p>\n<ol start=\"8\">\n<li>\n<h2><strong> Declinazione di Responsabilit\u00e0<\/strong><\/h2>\n<\/li>\n<\/ol>\n<p>Acetaia Ferrari si impegna ad operare nel massimo della precisione e si riserva il diritto di apportare modifiche al sito ogni qualvolta ci\u00f2 si renda necessario senza alcun tipo di preavviso. Acetaia Ferrari inoltre non garantisce che i prodotti esposti sul sito siano consentiti per la acquisto in tutte gli Stati e che le informazioni contenute nel proprio sito siano conformi alla giurisdizione di ogni Stato.<\/p>\n<ol start=\"9\">\n<li>\n<h2><strong> Diritto di recesso<\/strong><\/h2>\n<\/li>\n<\/ol>\n<p>Il Cliente ha diritto di recedere dal contratto entro 10 giorni lavorativi dalla consegna dei prodotti previa comunicazione scritta via e-mail a <a href=\"mailto:info@acetaiaferrari.it\">info@acetaiaferrari.it<\/a>. Nella comunicazione dovr\u00e0 essere indicato l\u2019ordine per il quale si intende esercitare il diritto di recesso. In caso di esercizio di recesso, il Cliente sar\u00e0 tenuto alla restituzione della merce ed il rimborso si riferisce esclusivamente al prezzo del prodotto. Le spese accessorie di spedizione relative alla restituzione al mittente sono a carico del Cliente. I prodotti dovranno essere restituiti all\u2019Acetaia Ferrari integri, in condizioni inalterate, nelle medesime condizioni di ricezione, provvisti degli imballi originali e degli eventuali manuali e\/o libretti di istruzione che facciano parte delle confezione e dell\u2019imballaggio; non \u00e8 consentito il rinvio della merce con altre modalit\u00e0. I rischi connessi alla distribuzione o al danneggiamento della merce nel corso della spedizione sono rimessi a carico del Cliente, restando inteso che in tale eventualit\u00e0, le merci non saranno considerati integri ed il recesso non avr\u00e0 efficacia.<\/p>\n<p>Accertate le condizioni sopraindicate Acetaia Ferrari provveder\u00e0 al rimborso dell\u2019importo pagato entro 30 gg dalla data della venuta a conoscenza dell\u2019intenzione di esercitare il diritto di recesso. Il diritto di recesso non si applica alle forniture di prodotti personalizzati o che, per loro natura, rischiano di deteriorarsi o alterarsi rapidamente.<\/p>\n<ol start=\"10\">\n<li>\n<h2><strong> Reclami<\/strong><\/h2>\n<\/li>\n<\/ol>\n<p>All\u2019indirizzo email <a href=\"mailto:info@acetaiaferrari.it\">info@acetaiaferrari.it<\/a> o per raccomandata all\u2019indirizzo indicato al punto 1) del presente documento, potranno essere inoltrati eventuali reclami relativi a prodotti difettosi o a disfunzioni del servizio di spedizione.<\/p>\n<ol start=\"11\">\n<li>\n<h2><strong> Legge applicabile foro competente<\/strong><\/h2>\n<\/li>\n<\/ol>\n<p>Le presenti Condizioni sono soggette e interpretate ai sensi della legge italiana. Fatto salvo quanto previsto dal D. Lgs. 206\/2005, se applicabile, il Foro di Modena sar\u00e0 esclusivamente competente a giudicare tutte le controversie derivanti da o connesse con le presenti Condizioni.<\/p>\n<p>Si informa inoltre che la Commissione europea fornisce una piattaforma per la risoluzione alternativa extra-giudiziale delle controversie, accessibile sul sito <a href=\"http:\/\/ec.europa.eu\/odr\">http:\/\/ec.europa.eu\/odr<\/a>.<\/p>\n<p>&nbsp;<\/p>\n<p>&nbsp;<\/p>","protected":false},"excerpt":{"rendered":"<p>Condizioni di acquisto &nbsp; Definizioni Condizioni: il presente documento, unitamente agli allegati. Acetaia Ferrari: Societ\u00e0 Agricola Ferrari s.s. P.IVA: 02141310363, Via Zenzalose, 54 \u2013 41051 Castelnuovo Rangone (MO) &#8211; Italy. Sito: il sito web http:\/\/www.acetaiaferrari.it Prodotti: i prodotti commercializzati da Acetaia Ferrari attraverso il Sito Cliente: qualsiasi soggetto che abbia acquistato un Prodotto. Oggetto Queste Condizioni stabiliscono i termini di utilizzo del Sito e le modalit\u00e0 di acquisto dei Prodotti.. Acetaia Ferrari si riserva [&hellip;]<\/p>\n","protected":false},"author":1,"featured_media":0,"parent":0,"menu_order":0,"comment_status":"closed","ping_status":"open","template":"","meta":{"footnotes":""},"class_list":["post-3697","page","type-page","status-publish","hentry"],"yoast_head":"<!-- This site is optimized with the Yoast SEO plugin v26.2 - https:\/\/yoast.com\/wordpress\/plugins\/seo\/ -->\n<title>Condizioni di acquisto - Acetaia Ferrari Modena<\/title>\n<meta name=\"robots\" content=\"index, follow, max-snippet:-1, max-image-preview:large, max-video-preview:-1\" \/>\n<link rel=\"canonical\" href=\"https:\/\/acetaiaferrari.it\/en\/condizioni\/\" \/>\n<meta property=\"og:locale\" content=\"en_GB\" \/>\n<meta property=\"og:type\" content=\"article\" \/>\n<meta property=\"og:title\" content=\"Condizioni di acquisto - Acetaia Ferrari Modena\" \/>\n<meta property=\"og:description\" content=\"Condizioni di acquisto &nbsp; Definizioni Condizioni: il presente documento, unitamente agli allegati. Acetaia Ferrari: Societ\u00e0 Agricola Ferrari s.s. P.IVA: 02141310363, Via Zenzalose, 54 \u2013 41051 Castelnuovo Rangone (MO) &#8211; Italy. Sito: il sito web http:\/\/www.acetaiaferrari.it Prodotti: i prodotti commercializzati da Acetaia Ferrari attraverso il Sito Cliente: qualsiasi soggetto che abbia acquistato un Prodotto. Oggetto Queste Condizioni stabiliscono i termini di utilizzo del Sito e le modalit\u00e0 di acquisto dei Prodotti.. Acetaia Ferrari si riserva [&hellip;]\" \/>\n<meta property=\"og:url\" content=\"https:\/\/acetaiaferrari.it\/en\/condizioni\/\" \/>\n<meta property=\"og:site_name\" content=\"Acetaia Ferrari Modena\" \/>\n<meta property=\"article:modified_time\" content=\"2021-03-18T18:05:08+00:00\" \/>\n<meta name=\"twitter:card\" content=\"summary_large_image\" \/>\n<meta name=\"twitter:label1\" content=\"Estimated reading time\" \/>\n\t<meta name=\"twitter:data1\" content=\"5 minutes\" \/>\n<script type=\"application\/ld+json\" class=\"yoast-schema-graph\">{\"@context\":\"https:\/\/schema.org\",\"@graph\":[{\"@type\":\"WebPage\",\"@id\":\"https:\/\/acetaiaferrari.it\/condizioni\",\"url\":\"https:\/\/acetaiaferrari.it\/condizioni\",\"name\":\"Condizioni di acquisto - Acetaia Ferrari Modena\",\"isPartOf\":{\"@id\":\"https:\/\/acetaiaferrari.it\/#website\"},\"datePublished\":\"2018-11-28T11:14:48+00:00\",\"dateModified\":\"2021-03-18T18:05:08+00:00\",\"breadcrumb\":{\"@id\":\"https:\/\/acetaiaferrari.it\/condizioni#breadcrumb\"},\"inLanguage\":\"en-GB\",\"potentialAction\":[{\"@type\":\"ReadAction\",\"target\":[\"https:\/\/acetaiaferrari.it\/condizioni\"]}]},{\"@type\":\"BreadcrumbList\",\"@id\":\"https:\/\/acetaiaferrari.it\/condizioni#breadcrumb\",\"itemListElement\":[{\"@type\":\"ListItem\",\"position\":1,\"name\":\"Home\",\"item\":\"https:\/\/acetaiaferrari.it\/\"},{\"@type\":\"ListItem\",\"position\":2,\"name\":\"Condizioni di acquisto\"}]},{\"@type\":\"WebSite\",\"@id\":\"https:\/\/acetaiaferrari.it\/#website\",\"url\":\"https:\/\/acetaiaferrari.it\/\",\"name\":\"Acetaia Ferrari Modena\",\"description\":\"Aceto Balsamico Tradizionale con un tocco pop\",\"publisher\":{\"@id\":\"https:\/\/acetaiaferrari.it\/#organization\"},\"potentialAction\":[{\"@type\":\"SearchAction\",\"target\":{\"@type\":\"EntryPoint\",\"urlTemplate\":\"https:\/\/acetaiaferrari.it\/?s={search_term_string}\"},\"query-input\":{\"@type\":\"PropertyValueSpecification\",\"valueRequired\":true,\"valueName\":\"search_term_string\"}}],\"inLanguage\":\"en-GB\"},{\"@type\":\"Organization\",\"@id\":\"https:\/\/acetaiaferrari.it\/#organization\",\"name\":\"Acetaia Ferrari Modena\",\"url\":\"https:\/\/acetaiaferrari.it\/\",\"logo\":{\"@type\":\"ImageObject\",\"inLanguage\":\"en-GB\",\"@id\":\"https:\/\/acetaiaferrari.it\/#\/schema\/logo\/image\/\",\"url\":\"https:\/\/acetaiaferrari.it\/wp-content\/uploads\/2020\/09\/acetaia-ferrari-logo.jpg\",\"contentUrl\":\"https:\/\/acetaiaferrari.it\/wp-content\/uploads\/2020\/09\/acetaia-ferrari-logo.jpg\",\"width\":600,\"height\":600,\"caption\":\"Acetaia Ferrari Modena\"},\"image\":{\"@id\":\"https:\/\/acetaiaferrari.it\/#\/schema\/logo\/image\/\"}}]}<\/script>\n<!-- \/ Yoast SEO plugin. -->","yoast_head_json":{"title":"Condizioni di acquisto - Acetaia Ferrari Modena","robots":{"index":"index","follow":"follow","max-snippet":"max-snippet:-1","max-image-preview":"max-image-preview:large","max-video-preview":"max-video-preview:-1"},"canonical":"https:\/\/acetaiaferrari.it\/en\/condizioni\/","og_locale":"en_GB","og_type":"article","og_title":"Condizioni di acquisto - Acetaia Ferrari Modena","og_description":"Condizioni di acquisto &nbsp; Definizioni Condizioni: il presente documento, unitamente agli allegati. Acetaia Ferrari: Societ\u00e0 Agricola Ferrari s.s. P.IVA: 02141310363, Via Zenzalose, 54 \u2013 41051 Castelnuovo Rangone (MO) &#8211; Italy. Sito: il sito web http:\/\/www.acetaiaferrari.it Prodotti: i prodotti commercializzati da Acetaia Ferrari attraverso il Sito Cliente: qualsiasi soggetto che abbia acquistato un Prodotto. Oggetto Queste Condizioni stabiliscono i termini di utilizzo del Sito e le modalit\u00e0 di acquisto dei Prodotti.. Acetaia Ferrari si riserva [&hellip;]","og_url":"https:\/\/acetaiaferrari.it\/en\/condizioni\/","og_site_name":"Acetaia Ferrari Modena","article_modified_time":"2021-03-18T18:05:08+00:00","twitter_card":"summary_large_image","twitter_misc":{"Estimated reading time":"5 minutes"},"schema":{"@context":"https:\/\/schema.org","@graph":[{"@type":"WebPage","@id":"https:\/\/acetaiaferrari.it\/condizioni","url":"https:\/\/acetaiaferrari.it\/condizioni","name":"Condizioni di acquisto - Acetaia Ferrari Modena","isPartOf":{"@id":"https:\/\/acetaiaferrari.it\/#website"},"datePublished":"2018-11-28T11:14:48+00:00","dateModified":"2021-03-18T18:05:08+00:00","breadcrumb":{"@id":"https:\/\/acetaiaferrari.it\/condizioni#breadcrumb"},"inLanguage":"en-GB","potentialAction":[{"@type":"ReadAction","target":["https:\/\/acetaiaferrari.it\/condizioni"]}]},{"@type":"BreadcrumbList","@id":"https:\/\/acetaiaferrari.it\/condizioni#breadcrumb","itemListElement":[{"@type":"ListItem","position":1,"name":"Home","item":"https:\/\/acetaiaferrari.it\/"},{"@type":"ListItem","position":2,"name":"Condizioni di acquisto"}]},{"@type":"WebSite","@id":"https:\/\/acetaiaferrari.it\/#website","url":"https:\/\/acetaiaferrari.it\/","name":"Acetaia Ferrari Modena","description":"Aceto Balsamico Tradizionale con un tocco pop","publisher":{"@id":"https:\/\/acetaiaferrari.it\/#organization"},"potentialAction":[{"@type":"SearchAction","target":{"@type":"EntryPoint","urlTemplate":"https:\/\/acetaiaferrari.it\/?s={search_term_string}"},"query-input":{"@type":"PropertyValueSpecification","valueRequired":true,"valueName":"search_term_string"}}],"inLanguage":"en-GB"},{"@type":"Organization","@id":"https:\/\/acetaiaferrari.it\/#organization","name":"Acetaia Ferrari Modena","url":"https:\/\/acetaiaferrari.it\/","logo":{"@type":"ImageObject","inLanguage":"en-GB","@id":"https:\/\/acetaiaferrari.it\/#\/schema\/logo\/image\/","url":"https:\/\/acetaiaferrari.it\/wp-content\/uploads\/2020\/09\/acetaia-ferrari-logo.jpg","contentUrl":"https:\/\/acetaiaferrari.it\/wp-content\/uploads\/2020\/09\/acetaia-ferrari-logo.jpg","width":600,"height":600,"caption":"Acetaia Ferrari Modena"},"image":{"@id":"https:\/\/acetaiaferrari.it\/#\/schema\/logo\/image\/"}}]}},"_links":{"self":[{"href":"https:\/\/acetaiaferrari.it\/en\/wp-json\/wp\/v2\/pages\/3697","targetHints":{"allow":["GET"]}}],"collection":[{"href":"https:\/\/acetaiaferrari.it\/en\/wp-json\/wp\/v2\/pages"}],"about":[{"href":"https:\/\/acetaiaferrari.it\/en\/wp-json\/wp\/v2\/types\/page"}],"author":[{"embeddable":true,"href":"https:\/\/acetaiaferrari.it\/en\/wp-json\/wp\/v2\/users\/1"}],"replies":[{"embeddable":true,"href":"https:\/\/acetaiaferrari.it\/en\/wp-json\/wp\/v2\/comments?post=3697"}],"version-history":[{"count":5,"href":"https:\/\/acetaiaferrari.it\/en\/wp-json\/wp\/v2\/pages\/3697\/revisions"}],"predecessor-version":[{"id":5184,"href":"https:\/\/acetaiaferrari.it\/en\/wp-json\/wp\/v2\/pages\/3697\/revisions\/5184"}],"wp:attachment":[{"href":"https:\/\/acetaiaferrari.it\/en\/wp-json\/wp\/v2\/media?parent=3697"}],"curies":[{"name":"wp","href":"https:\/\/api.w.org\/{rel}","templated":true}]}}